{"id":356,"date":"2025-09-19T11:41:50","date_gmt":"2025-09-19T11:41:50","guid":{"rendered":"https:\/\/elsteamsust.uav.ro\/?page_id=356"},"modified":"2026-03-04T09:12:07","modified_gmt":"2026-03-04T09:12:07","slug":"famelab-fi","status":"publish","type":"page","link":"https:\/\/elsteamsust.uav.ro\/?page_id=356","title":{"rendered":"FameLab Facultatea de Inginerie"},"content":{"rendered":"\n<p>Eveniment organizat de&nbsp;<strong>Universitatea \u201eAurel Vlaicu\u201d din Arad<\/strong>&nbsp;\u0219i&nbsp;<strong>Facultatea de Inginerie<\/strong><\/p>\n\n\n\n<p><strong>\u201eExplorarea Lumii prin STEAM pentru un Viitor Sustenabil\u201d<\/strong><\/p>\n\n\n\n<p><strong>Nr. 8SSSC \/ 2025<\/strong>&nbsp;\u00b7&nbsp;<strong>Cod proiect: PN-IV-P10-SS-SC-2024-0128<\/strong><\/p>\n\n\n\n<figure class=\"wp-block-image size-large\"><img loading=\"lazy\" decoding=\"async\" width=\"819\" height=\"1024\" src=\"https:\/\/elsteamsust.uav.ro\/wp-content\/uploads\/2026\/01\/WhatsApp-Image-2026-01-21-at-09.39.17-819x1024.jpeg\" alt=\"\" class=\"wp-image-1006\" srcset=\"https:\/\/elsteamsust.uav.ro\/wp-content\/uploads\/2026\/01\/WhatsApp-Image-2026-01-21-at-09.39.17-819x1024.jpeg 819w, https:\/\/elsteamsust.uav.ro\/wp-content\/uploads\/2026\/01\/WhatsApp-Image-2026-01-21-at-09.39.17-240x300.jpeg 240w, https:\/\/elsteamsust.uav.ro\/wp-content\/uploads\/2026\/01\/WhatsApp-Image-2026-01-21-at-09.39.17-768x960.jpeg 768w, https:\/\/elsteamsust.uav.ro\/wp-content\/uploads\/2026\/01\/WhatsApp-Image-2026-01-21-at-09.39.17.jpeg 1080w\" sizes=\"auto, (max-width: 819px) 100vw, 819px\" \/><\/figure>\n\n\n\n<p><strong>26 februarie 2026\u00a0\u00a0&#8211; Competi\u021bia de comunic\u0103ri \u0219tiin\u021bifice pentru elevi<\/strong><\/p>\n\n\n\n<p>Un concurs de popularizare a \u0219tiin\u021bei dedicat&nbsp;<strong>elevilor de gimnaziu \u0219i liceu<\/strong>, organizat la Facultatea de Inginerie.&nbsp;<\/p>\n\n\n\n<p>Inspirat din formatul interna\u021bional&nbsp;<em>FameLab<\/em>, evenimentul \u0219i-a propus s\u0103 \u00eencurajeze tinerii s\u0103 \u00ee\u0219i exprime ideile \u0219tiin\u021bifice \u00eentr-un mod clar, captivant \u0219i accesibil.<\/p>\n\n\n\n<p>Participan\u021bii au explicat \u00een aproximativ 3 minute concepte tehnice \u0219i rezultate ale unor mici proiecte \u00eentr-un mod creativ \u0219i u\u0219or de urm\u0103rit.<\/p>\n\n\n\n<p>Juriul \u2013 compus din cadre didactice \u0219i studen\u021bi \u2013 a evaluat prezent\u0103rile \u00een func\u021bie de:<\/p>\n\n\n\n<ul class=\"wp-block-list\">\n<li><strong>\u00een\u021belegerea conceptului<\/strong><\/li>\n\n\n\n<li><strong>rigurozitate<\/strong><\/li>\n\n\n\n<li><strong>claritate<\/strong><\/li>\n\n\n\n<li><strong>carism\u0103<\/strong><\/li>\n\n\n\n<li><strong>\u00eencadrere \u00een timpul alocat<\/strong><\/li>\n<\/ul>\n\n\n\n<p><strong>La eveniment au participat 10 echipe de elevi din Arad \u0219i din jude\u021bul Arad<\/strong><\/p>\n\n\n\n<p>Evenimentul a contribuit la&nbsp;<strong>promovarea culturii \u0219tiin\u021bifice \u00een r\u00e2ndul tinerilor<\/strong>, stimul\u00e2nd interesul pentru disciplinele tehnice \u0219i comunicarea \u0219tiin\u021bific\u0103.<\/p>\n\n\n\n<p><a href=\"https:\/\/www.facebook.com\/share\/p\/1EFHbwiP8X\/\">\ud83d\udc49\ud83d\udc49Mai multe informa\u021bii se pot vedea pe Facebook!<\/a><\/p>\n\n\n\n<figure class=\"wp-block-gallery has-nested-images columns-default is-cropped wp-block-gallery-1 is-layout-flex wp-block-gallery-is-layout-flex\">\n<figure class=\"wp-block-image size-large\"><img loading=\"lazy\" decoding=\"async\" width=\"1024\" height=\"768\" data-id=\"1033\" src=\"https:\/\/elsteamsust.uav.ro\/wp-content\/uploads\/2026\/03\/16-1024x768.jpeg\" alt=\"\" class=\"wp-image-1033\" srcset=\"https:\/\/elsteamsust.uav.ro\/wp-content\/uploads\/2026\/03\/16-1024x768.jpeg 1024w, https:\/\/elsteamsust.uav.ro\/wp-content\/uploads\/2026\/03\/16-300x225.jpeg 300w, https:\/\/elsteamsust.uav.ro\/wp-content\/uploads\/2026\/03\/16-768x576.jpeg 768w, https:\/\/elsteamsust.uav.ro\/wp-content\/uploads\/2026\/03\/16-1536x1152.jpeg 1536w, https:\/\/elsteamsust.uav.ro\/wp-content\/uploads\/2026\/03\/16.jpeg 1600w\" sizes=\"auto, (max-width: 1024px) 100vw, 1024px\" \/><\/figure>\n\n\n\n<figure class=\"wp-block-image size-large\"><img loading=\"lazy\" decoding=\"async\" width=\"1024\" height=\"768\" data-id=\"1034\" src=\"https:\/\/elsteamsust.uav.ro\/wp-content\/uploads\/2026\/03\/15-1024x768.jpeg\" alt=\"\" class=\"wp-image-1034\" srcset=\"https:\/\/elsteamsust.uav.ro\/wp-content\/uploads\/2026\/03\/15-1024x768.jpeg 1024w, https:\/\/elsteamsust.uav.ro\/wp-content\/uploads\/2026\/03\/15-300x225.jpeg 300w, https:\/\/elsteamsust.uav.ro\/wp-content\/uploads\/2026\/03\/15-768x576.jpeg 768w, https:\/\/elsteamsust.uav.ro\/wp-content\/uploads\/2026\/03\/15-1536x1152.jpeg 1536w, https:\/\/elsteamsust.uav.ro\/wp-content\/uploads\/2026\/03\/15.jpeg 1600w\" sizes=\"auto, (max-width: 1024px) 100vw, 1024px\" \/><\/figure>\n\n\n\n<figure class=\"wp-block-image size-large\"><img loading=\"lazy\" decoding=\"async\" width=\"1024\" height=\"768\" data-id=\"1035\" src=\"https:\/\/elsteamsust.uav.ro\/wp-content\/uploads\/2026\/03\/14-1024x768.jpeg\" alt=\"\" class=\"wp-image-1035\" srcset=\"https:\/\/elsteamsust.uav.ro\/wp-content\/uploads\/2026\/03\/14-1024x768.jpeg 1024w, https:\/\/elsteamsust.uav.ro\/wp-content\/uploads\/2026\/03\/14-300x225.jpeg 300w, https:\/\/elsteamsust.uav.ro\/wp-content\/uploads\/2026\/03\/14-768x576.jpeg 768w, https:\/\/elsteamsust.uav.ro\/wp-content\/uploads\/2026\/03\/14-1536x1152.jpeg 1536w, https:\/\/elsteamsust.uav.ro\/wp-content\/uploads\/2026\/03\/14.jpeg 1600w\" sizes=\"auto, (max-width: 1024px) 100vw, 1024px\" \/><\/figure>\n\n\n\n<figure class=\"wp-block-image size-large\"><img loading=\"lazy\" decoding=\"async\" width=\"1024\" height=\"768\" data-id=\"1036\" src=\"https:\/\/elsteamsust.uav.ro\/wp-content\/uploads\/2026\/03\/13-1024x768.jpeg\" alt=\"\" class=\"wp-image-1036\" srcset=\"https:\/\/elsteamsust.uav.ro\/wp-content\/uploads\/2026\/03\/13-1024x768.jpeg 1024w, https:\/\/elsteamsust.uav.ro\/wp-content\/uploads\/2026\/03\/13-300x225.jpeg 300w, https:\/\/elsteamsust.uav.ro\/wp-content\/uploads\/2026\/03\/13-768x576.jpeg 768w, https:\/\/elsteamsust.uav.ro\/wp-content\/uploads\/2026\/03\/13-1536x1152.jpeg 1536w, https:\/\/elsteamsust.uav.ro\/wp-content\/uploads\/2026\/03\/13.jpeg 1600w\" sizes=\"auto, (max-width: 1024px) 100vw, 1024px\" \/><\/figure>\n\n\n\n<figure class=\"wp-block-image size-large\"><img loading=\"lazy\" decoding=\"async\" width=\"768\" height=\"1024\" data-id=\"1037\" src=\"https:\/\/elsteamsust.uav.ro\/wp-content\/uploads\/2026\/03\/12-768x1024.jpeg\" alt=\"\" class=\"wp-image-1037\" srcset=\"https:\/\/elsteamsust.uav.ro\/wp-content\/uploads\/2026\/03\/12-768x1024.jpeg 768w, https:\/\/elsteamsust.uav.ro\/wp-content\/uploads\/2026\/03\/12-225x300.jpeg 225w, https:\/\/elsteamsust.uav.ro\/wp-content\/uploads\/2026\/03\/12-1152x1536.jpeg 1152w, https:\/\/elsteamsust.uav.ro\/wp-content\/uploads\/2026\/03\/12.jpeg 1500w\" sizes=\"auto, (max-width: 768px) 100vw, 768px\" \/><\/figure>\n\n\n\n<figure class=\"wp-block-image size-large\"><img loading=\"lazy\" decoding=\"async\" width=\"768\" height=\"1024\" data-id=\"1038\" src=\"https:\/\/elsteamsust.uav.ro\/wp-content\/uploads\/2026\/03\/11-768x1024.jpeg\" alt=\"\" class=\"wp-image-1038\" srcset=\"https:\/\/elsteamsust.uav.ro\/wp-content\/uploads\/2026\/03\/11-768x1024.jpeg 768w, https:\/\/elsteamsust.uav.ro\/wp-content\/uploads\/2026\/03\/11-225x300.jpeg 225w, https:\/\/elsteamsust.uav.ro\/wp-content\/uploads\/2026\/03\/11-1152x1536.jpeg 1152w, https:\/\/elsteamsust.uav.ro\/wp-content\/uploads\/2026\/03\/11.jpeg 1500w\" sizes=\"auto, (max-width: 768px) 100vw, 768px\" \/><\/figure>\n\n\n\n<figure class=\"wp-block-image size-large\"><img loading=\"lazy\" decoding=\"async\" width=\"768\" height=\"1024\" data-id=\"1039\" src=\"https:\/\/elsteamsust.uav.ro\/wp-content\/uploads\/2026\/03\/10-768x1024.jpeg\" alt=\"\" class=\"wp-image-1039\" srcset=\"https:\/\/elsteamsust.uav.ro\/wp-content\/uploads\/2026\/03\/10-768x1024.jpeg 768w, https:\/\/elsteamsust.uav.ro\/wp-content\/uploads\/2026\/03\/10-225x300.jpeg 225w, https:\/\/elsteamsust.uav.ro\/wp-content\/uploads\/2026\/03\/10-1152x1536.jpeg 1152w, https:\/\/elsteamsust.uav.ro\/wp-content\/uploads\/2026\/03\/10.jpeg 1500w\" sizes=\"auto, (max-width: 768px) 100vw, 768px\" \/><\/figure>\n\n\n\n<figure class=\"wp-block-image size-large\"><img loading=\"lazy\" decoding=\"async\" width=\"768\" height=\"1024\" data-id=\"1040\" src=\"https:\/\/elsteamsust.uav.ro\/wp-content\/uploads\/2026\/03\/9-768x1024.jpeg\" alt=\"\" class=\"wp-image-1040\" srcset=\"https:\/\/elsteamsust.uav.ro\/wp-content\/uploads\/2026\/03\/9-768x1024.jpeg 768w, https:\/\/elsteamsust.uav.ro\/wp-content\/uploads\/2026\/03\/9-225x300.jpeg 225w, https:\/\/elsteamsust.uav.ro\/wp-content\/uploads\/2026\/03\/9-1152x1536.jpeg 1152w, https:\/\/elsteamsust.uav.ro\/wp-content\/uploads\/2026\/03\/9.jpeg 1500w\" sizes=\"auto, (max-width: 768px) 100vw, 768px\" \/><\/figure>\n\n\n\n<figure class=\"wp-block-image size-large\"><img loading=\"lazy\" decoding=\"async\" width=\"768\" height=\"1024\" data-id=\"1041\" src=\"https:\/\/elsteamsust.uav.ro\/wp-content\/uploads\/2026\/03\/8-768x1024.jpeg\" alt=\"\" class=\"wp-image-1041\" srcset=\"https:\/\/elsteamsust.uav.ro\/wp-content\/uploads\/2026\/03\/8-768x1024.jpeg 768w, https:\/\/elsteamsust.uav.ro\/wp-content\/uploads\/2026\/03\/8-225x300.jpeg 225w, https:\/\/elsteamsust.uav.ro\/wp-content\/uploads\/2026\/03\/8-1152x1536.jpeg 1152w, https:\/\/elsteamsust.uav.ro\/wp-content\/uploads\/2026\/03\/8.jpeg 1500w\" sizes=\"auto, (max-width: 768px) 100vw, 768px\" \/><\/figure>\n\n\n\n<figure class=\"wp-block-image size-large\"><img loading=\"lazy\" decoding=\"async\" width=\"768\" height=\"1024\" data-id=\"1042\" src=\"https:\/\/elsteamsust.uav.ro\/wp-content\/uploads\/2026\/03\/7-768x1024.jpeg\" alt=\"\" class=\"wp-image-1042\" srcset=\"https:\/\/elsteamsust.uav.ro\/wp-content\/uploads\/2026\/03\/7-768x1024.jpeg 768w, https:\/\/elsteamsust.uav.ro\/wp-content\/uploads\/2026\/03\/7-225x300.jpeg 225w, https:\/\/elsteamsust.uav.ro\/wp-content\/uploads\/2026\/03\/7-1152x1536.jpeg 1152w, https:\/\/elsteamsust.uav.ro\/wp-content\/uploads\/2026\/03\/7.jpeg 1500w\" sizes=\"auto, (max-width: 768px) 100vw, 768px\" \/><\/figure>\n\n\n\n<figure class=\"wp-block-image size-large\"><img loading=\"lazy\" decoding=\"async\" width=\"768\" height=\"1024\" data-id=\"1043\" src=\"https:\/\/elsteamsust.uav.ro\/wp-content\/uploads\/2026\/03\/6-768x1024.jpeg\" alt=\"\" class=\"wp-image-1043\" srcset=\"https:\/\/elsteamsust.uav.ro\/wp-content\/uploads\/2026\/03\/6-768x1024.jpeg 768w, https:\/\/elsteamsust.uav.ro\/wp-content\/uploads\/2026\/03\/6-225x300.jpeg 225w, https:\/\/elsteamsust.uav.ro\/wp-content\/uploads\/2026\/03\/6-1152x1536.jpeg 1152w, https:\/\/elsteamsust.uav.ro\/wp-content\/uploads\/2026\/03\/6.jpeg 1500w\" sizes=\"auto, (max-width: 768px) 100vw, 768px\" \/><\/figure>\n\n\n\n<figure class=\"wp-block-image size-large\"><img loading=\"lazy\" decoding=\"async\" width=\"768\" height=\"1024\" data-id=\"1044\" src=\"https:\/\/elsteamsust.uav.ro\/wp-content\/uploads\/2026\/03\/5-768x1024.jpeg\" alt=\"\" class=\"wp-image-1044\" srcset=\"https:\/\/elsteamsust.uav.ro\/wp-content\/uploads\/2026\/03\/5-768x1024.jpeg 768w, https:\/\/elsteamsust.uav.ro\/wp-content\/uploads\/2026\/03\/5-225x300.jpeg 225w, https:\/\/elsteamsust.uav.ro\/wp-content\/uploads\/2026\/03\/5-1152x1536.jpeg 1152w, https:\/\/elsteamsust.uav.ro\/wp-content\/uploads\/2026\/03\/5.jpeg 1500w\" sizes=\"auto, (max-width: 768px) 100vw, 768px\" \/><\/figure>\n\n\n\n<figure class=\"wp-block-image size-large\"><img loading=\"lazy\" decoding=\"async\" width=\"1500\" height=\"2000\" data-id=\"1045\" src=\"https:\/\/elsteamsust.uav.ro\/wp-content\/uploads\/2026\/03\/4-768x1024.jpeg\" alt=\"\" class=\"wp-image-1045\" srcset=\"https:\/\/elsteamsust.uav.ro\/wp-content\/uploads\/2026\/03\/4-768x1024.jpeg 768w, https:\/\/elsteamsust.uav.ro\/wp-content\/uploads\/2026\/03\/4-225x300.jpeg 225w, https:\/\/elsteamsust.uav.ro\/wp-content\/uploads\/2026\/03\/4-1152x1536.jpeg 1152w, https:\/\/elsteamsust.uav.ro\/wp-content\/uploads\/2026\/03\/4.jpeg 1500w\" sizes=\"auto, (max-width: 1500px) 100vw, 1500px\" \/><\/figure>\n\n\n\n<figure class=\"wp-block-image size-large\"><img loading=\"lazy\" decoding=\"async\" width=\"768\" height=\"1024\" data-id=\"1046\" src=\"https:\/\/elsteamsust.uav.ro\/wp-content\/uploads\/2026\/03\/3-768x1024.jpeg\" alt=\"\" class=\"wp-image-1046\" srcset=\"https:\/\/elsteamsust.uav.ro\/wp-content\/uploads\/2026\/03\/3-768x1024.jpeg 768w, https:\/\/elsteamsust.uav.ro\/wp-content\/uploads\/2026\/03\/3-225x300.jpeg 225w, https:\/\/elsteamsust.uav.ro\/wp-content\/uploads\/2026\/03\/3-1152x1536.jpeg 1152w, https:\/\/elsteamsust.uav.ro\/wp-content\/uploads\/2026\/03\/3.jpeg 1500w\" sizes=\"auto, (max-width: 768px) 100vw, 768px\" \/><\/figure>\n\n\n\n<figure class=\"wp-block-image size-large\"><img loading=\"lazy\" decoding=\"async\" width=\"768\" height=\"1024\" data-id=\"1047\" src=\"https:\/\/elsteamsust.uav.ro\/wp-content\/uploads\/2026\/03\/2-768x1024.jpeg\" alt=\"\" class=\"wp-image-1047\" srcset=\"https:\/\/elsteamsust.uav.ro\/wp-content\/uploads\/2026\/03\/2-768x1024.jpeg 768w, https:\/\/elsteamsust.uav.ro\/wp-content\/uploads\/2026\/03\/2-225x300.jpeg 225w, https:\/\/elsteamsust.uav.ro\/wp-content\/uploads\/2026\/03\/2-1152x1536.jpeg 1152w, https:\/\/elsteamsust.uav.ro\/wp-content\/uploads\/2026\/03\/2.jpeg 1500w\" sizes=\"auto, (max-width: 768px) 100vw, 768px\" \/><\/figure>\n\n\n\n<figure class=\"wp-block-image size-large\"><img loading=\"lazy\" decoding=\"async\" width=\"768\" height=\"1024\" data-id=\"1048\" src=\"https:\/\/elsteamsust.uav.ro\/wp-content\/uploads\/2026\/03\/1-768x1024.jpeg\" alt=\"\" class=\"wp-image-1048\" srcset=\"https:\/\/elsteamsust.uav.ro\/wp-content\/uploads\/2026\/03\/1-768x1024.jpeg 768w, https:\/\/elsteamsust.uav.ro\/wp-content\/uploads\/2026\/03\/1-225x300.jpeg 225w, https:\/\/elsteamsust.uav.ro\/wp-content\/uploads\/2026\/03\/1-1152x1536.jpeg 1152w, https:\/\/elsteamsust.uav.ro\/wp-content\/uploads\/2026\/03\/1.jpeg 1500w\" sizes=\"auto, (max-width: 768px) 100vw, 768px\" \/><\/figure>\n\n\n\n<figure class=\"wp-block-image size-large\"><img loading=\"lazy\" decoding=\"async\" width=\"1024\" height=\"768\" data-id=\"1049\" src=\"https:\/\/elsteamsust.uav.ro\/wp-content\/uploads\/2026\/03\/p10-1024x768.jpeg\" alt=\"\" class=\"wp-image-1049\" srcset=\"https:\/\/elsteamsust.uav.ro\/wp-content\/uploads\/2026\/03\/p10-1024x768.jpeg 1024w, https:\/\/elsteamsust.uav.ro\/wp-content\/uploads\/2026\/03\/p10-300x225.jpeg 300w, https:\/\/elsteamsust.uav.ro\/wp-content\/uploads\/2026\/03\/p10-768x576.jpeg 768w, https:\/\/elsteamsust.uav.ro\/wp-content\/uploads\/2026\/03\/p10-1536x1152.jpeg 1536w, https:\/\/elsteamsust.uav.ro\/wp-content\/uploads\/2026\/03\/p10.jpeg 1600w\" sizes=\"auto, (max-width: 1024px) 100vw, 1024px\" \/><\/figure>\n\n\n\n<figure class=\"wp-block-image size-large\"><img loading=\"lazy\" decoding=\"async\" width=\"1024\" height=\"768\" data-id=\"1050\" src=\"https:\/\/elsteamsust.uav.ro\/wp-content\/uploads\/2026\/03\/p9-1024x768.jpeg\" alt=\"\" class=\"wp-image-1050\" srcset=\"https:\/\/elsteamsust.uav.ro\/wp-content\/uploads\/2026\/03\/p9-1024x768.jpeg 1024w, https:\/\/elsteamsust.uav.ro\/wp-content\/uploads\/2026\/03\/p9-300x225.jpeg 300w, https:\/\/elsteamsust.uav.ro\/wp-content\/uploads\/2026\/03\/p9-768x576.jpeg 768w, https:\/\/elsteamsust.uav.ro\/wp-content\/uploads\/2026\/03\/p9-1536x1152.jpeg 1536w, https:\/\/elsteamsust.uav.ro\/wp-content\/uploads\/2026\/03\/p9.jpeg 1600w\" sizes=\"auto, (max-width: 1024px) 100vw, 1024px\" \/><\/figure>\n\n\n\n<figure class=\"wp-block-image size-large\"><img loading=\"lazy\" decoding=\"async\" width=\"1024\" height=\"768\" data-id=\"1051\" src=\"https:\/\/elsteamsust.uav.ro\/wp-content\/uploads\/2026\/03\/p8-1024x768.jpeg\" alt=\"\" class=\"wp-image-1051\" srcset=\"https:\/\/elsteamsust.uav.ro\/wp-content\/uploads\/2026\/03\/p8-1024x768.jpeg 1024w, https:\/\/elsteamsust.uav.ro\/wp-content\/uploads\/2026\/03\/p8-300x225.jpeg 300w, https:\/\/elsteamsust.uav.ro\/wp-content\/uploads\/2026\/03\/p8-768x576.jpeg 768w, https:\/\/elsteamsust.uav.ro\/wp-content\/uploads\/2026\/03\/p8-1536x1152.jpeg 1536w, https:\/\/elsteamsust.uav.ro\/wp-content\/uploads\/2026\/03\/p8.jpeg 1600w\" sizes=\"auto, (max-width: 1024px) 100vw, 1024px\" \/><\/figure>\n\n\n\n<figure class=\"wp-block-image size-large\"><img loading=\"lazy\" decoding=\"async\" width=\"1024\" height=\"768\" data-id=\"1053\" src=\"https:\/\/elsteamsust.uav.ro\/wp-content\/uploads\/2026\/03\/p7-1024x768.jpeg\" alt=\"\" class=\"wp-image-1053\" srcset=\"https:\/\/elsteamsust.uav.ro\/wp-content\/uploads\/2026\/03\/p7-1024x768.jpeg 1024w, https:\/\/elsteamsust.uav.ro\/wp-content\/uploads\/2026\/03\/p7-300x225.jpeg 300w, https:\/\/elsteamsust.uav.ro\/wp-content\/uploads\/2026\/03\/p7-768x576.jpeg 768w, https:\/\/elsteamsust.uav.ro\/wp-content\/uploads\/2026\/03\/p7-1536x1152.jpeg 1536w, https:\/\/elsteamsust.uav.ro\/wp-content\/uploads\/2026\/03\/p7.jpeg 1600w\" sizes=\"auto, (max-width: 1024px) 100vw, 1024px\" \/><\/figure>\n\n\n\n<figure class=\"wp-block-image size-large\"><img loading=\"lazy\" decoding=\"async\" width=\"1024\" height=\"768\" data-id=\"1052\" src=\"https:\/\/elsteamsust.uav.ro\/wp-content\/uploads\/2026\/03\/p6-1024x768.jpeg\" alt=\"\" class=\"wp-image-1052\" srcset=\"https:\/\/elsteamsust.uav.ro\/wp-content\/uploads\/2026\/03\/p6-1024x768.jpeg 1024w, https:\/\/elsteamsust.uav.ro\/wp-content\/uploads\/2026\/03\/p6-300x225.jpeg 300w, https:\/\/elsteamsust.uav.ro\/wp-content\/uploads\/2026\/03\/p6-768x576.jpeg 768w, https:\/\/elsteamsust.uav.ro\/wp-content\/uploads\/2026\/03\/p6-1536x1152.jpeg 1536w, https:\/\/elsteamsust.uav.ro\/wp-content\/uploads\/2026\/03\/p6.jpeg 1600w\" sizes=\"auto, (max-width: 1024px) 100vw, 1024px\" \/><\/figure>\n\n\n\n<figure class=\"wp-block-image size-large\"><img loading=\"lazy\" decoding=\"async\" width=\"1024\" height=\"768\" data-id=\"1054\" src=\"https:\/\/elsteamsust.uav.ro\/wp-content\/uploads\/2026\/03\/p5-1024x768.jpeg\" alt=\"\" class=\"wp-image-1054\" srcset=\"https:\/\/elsteamsust.uav.ro\/wp-content\/uploads\/2026\/03\/p5-1024x768.jpeg 1024w, https:\/\/elsteamsust.uav.ro\/wp-content\/uploads\/2026\/03\/p5-300x225.jpeg 300w, https:\/\/elsteamsust.uav.ro\/wp-content\/uploads\/2026\/03\/p5-768x576.jpeg 768w, https:\/\/elsteamsust.uav.ro\/wp-content\/uploads\/2026\/03\/p5-1536x1152.jpeg 1536w, https:\/\/elsteamsust.uav.ro\/wp-content\/uploads\/2026\/03\/p5.jpeg 1600w\" sizes=\"auto, (max-width: 1024px) 100vw, 1024px\" \/><\/figure>\n\n\n\n<figure class=\"wp-block-image size-large\"><img loading=\"lazy\" decoding=\"async\" width=\"1024\" height=\"768\" data-id=\"1055\" src=\"https:\/\/elsteamsust.uav.ro\/wp-content\/uploads\/2026\/03\/p4-1024x768.jpeg\" alt=\"\" class=\"wp-image-1055\" srcset=\"https:\/\/elsteamsust.uav.ro\/wp-content\/uploads\/2026\/03\/p4-1024x768.jpeg 1024w, https:\/\/elsteamsust.uav.ro\/wp-content\/uploads\/2026\/03\/p4-300x225.jpeg 300w, https:\/\/elsteamsust.uav.ro\/wp-content\/uploads\/2026\/03\/p4-768x576.jpeg 768w, https:\/\/elsteamsust.uav.ro\/wp-content\/uploads\/2026\/03\/p4-1536x1152.jpeg 1536w, https:\/\/elsteamsust.uav.ro\/wp-content\/uploads\/2026\/03\/p4.jpeg 1600w\" sizes=\"auto, (max-width: 1024px) 100vw, 1024px\" \/><\/figure>\n\n\n\n<figure class=\"wp-block-image size-large\"><img loading=\"lazy\" decoding=\"async\" width=\"1024\" height=\"943\" data-id=\"1056\" src=\"https:\/\/elsteamsust.uav.ro\/wp-content\/uploads\/2026\/03\/p3-1024x943.jpeg\" alt=\"\" class=\"wp-image-1056\" srcset=\"https:\/\/elsteamsust.uav.ro\/wp-content\/uploads\/2026\/03\/p3-1024x943.jpeg 1024w, https:\/\/elsteamsust.uav.ro\/wp-content\/uploads\/2026\/03\/p3-300x276.jpeg 300w, https:\/\/elsteamsust.uav.ro\/wp-content\/uploads\/2026\/03\/p3-768x708.jpeg 768w, https:\/\/elsteamsust.uav.ro\/wp-content\/uploads\/2026\/03\/p3-1536x1415.jpeg 1536w, https:\/\/elsteamsust.uav.ro\/wp-content\/uploads\/2026\/03\/p3.jpeg 1600w\" sizes=\"auto, (max-width: 1024px) 100vw, 1024px\" \/><\/figure>\n\n\n\n<figure class=\"wp-block-image size-large\"><img loading=\"lazy\" decoding=\"async\" width=\"1024\" height=\"768\" data-id=\"1058\" src=\"https:\/\/elsteamsust.uav.ro\/wp-content\/uploads\/2026\/03\/p2-1024x768.jpeg\" alt=\"\" class=\"wp-image-1058\" srcset=\"https:\/\/elsteamsust.uav.ro\/wp-content\/uploads\/2026\/03\/p2-1024x768.jpeg 1024w, https:\/\/elsteamsust.uav.ro\/wp-content\/uploads\/2026\/03\/p2-300x225.jpeg 300w, https:\/\/elsteamsust.uav.ro\/wp-content\/uploads\/2026\/03\/p2-768x576.jpeg 768w, https:\/\/elsteamsust.uav.ro\/wp-content\/uploads\/2026\/03\/p2-1536x1152.jpeg 1536w, https:\/\/elsteamsust.uav.ro\/wp-content\/uploads\/2026\/03\/p2.jpeg 1600w\" sizes=\"auto, (max-width: 1024px) 100vw, 1024px\" \/><\/figure>\n\n\n\n<figure class=\"wp-block-image size-large\"><img loading=\"lazy\" decoding=\"async\" width=\"1024\" height=\"768\" data-id=\"1057\" src=\"https:\/\/elsteamsust.uav.ro\/wp-content\/uploads\/2026\/03\/p1-1024x768.jpeg\" alt=\"\" class=\"wp-image-1057\" srcset=\"https:\/\/elsteamsust.uav.ro\/wp-content\/uploads\/2026\/03\/p1-1024x768.jpeg 1024w, https:\/\/elsteamsust.uav.ro\/wp-content\/uploads\/2026\/03\/p1-300x225.jpeg 300w, https:\/\/elsteamsust.uav.ro\/wp-content\/uploads\/2026\/03\/p1-768x576.jpeg 768w, https:\/\/elsteamsust.uav.ro\/wp-content\/uploads\/2026\/03\/p1-1536x1152.jpeg 1536w, https:\/\/elsteamsust.uav.ro\/wp-content\/uploads\/2026\/03\/p1.jpeg 1600w\" sizes=\"auto, (max-width: 1024px) 100vw, 1024px\" \/><\/figure>\n<\/figure>\n","protected":false},"excerpt":{"rendered":"<p>Eveniment organizat de&nbsp;Universitatea \u201eAurel Vlaicu\u201d din Arad&nbsp;\u0219i&nbsp;Facultatea de Inginerie \u201eExplorarea Lumii prin STEAM pentru un Viitor Sustenabil\u201d Nr. 8SSSC \/ 2025&nbsp;\u00b7&nbsp;Cod proiect: PN-IV-P10-SS-SC-2024-0128 26 februarie 2026\u00a0\u00a0&#8211; Competi\u021bia de comunic\u0103ri \u0219tiin\u021bifice pentru elevi Un concurs de popularizare a \u0219tiin\u021bei dedicat&nbsp;elevilor de &hellip; <a href=\"https:\/\/elsteamsust.uav.ro\/?page_id=356\">Continue reading <span class=\"meta-nav\">&rarr;<\/span><\/a><\/p>\n","protected":false},"author":1,"featured_media":0,"parent":331,"menu_order":0,"comment_status":"closed","ping_status":"closed","template":"","meta":{"footnotes":""},"class_list":["post-356","page","type-page","status-publish","hentry"],"_links":{"self":[{"href":"https:\/\/elsteamsust.uav.ro\/index.php?rest_route=\/wp\/v2\/pages\/356","targetHints":{"allow":["GET"]}}],"collection":[{"href":"https:\/\/elsteamsust.uav.ro\/index.php?rest_route=\/wp\/v2\/pages"}],"about":[{"href":"https:\/\/elsteamsust.uav.ro\/index.php?rest_route=\/wp\/v2\/types\/page"}],"author":[{"embeddable":true,"href":"https:\/\/elsteamsust.uav.ro\/index.php?rest_route=\/wp\/v2\/users\/1"}],"replies":[{"embeddable":true,"href":"https:\/\/elsteamsust.uav.ro\/index.php?rest_route=%2Fwp%2Fv2%2Fcomments&post=356"}],"version-history":[{"count":5,"href":"https:\/\/elsteamsust.uav.ro\/index.php?rest_route=\/wp\/v2\/pages\/356\/revisions"}],"predecessor-version":[{"id":1060,"href":"https:\/\/elsteamsust.uav.ro\/index.php?rest_route=\/wp\/v2\/pages\/356\/revisions\/1060"}],"up":[{"embeddable":true,"href":"https:\/\/elsteamsust.uav.ro\/index.php?rest_route=\/wp\/v2\/pages\/331"}],"wp:attachment":[{"href":"https:\/\/elsteamsust.uav.ro\/index.php?rest_route=%2Fwp%2Fv2%2Fmedia&parent=356"}],"curies":[{"name":"wp","href":"https:\/\/api.w.org\/{rel}","templated":true}]}}