{"id":354,"date":"2025-09-19T11:41:27","date_gmt":"2025-09-19T11:41:27","guid":{"rendered":"https:\/\/elsteamsust.uav.ro\/?page_id=354"},"modified":"2025-12-03T15:43:13","modified_gmt":"2025-12-03T15:43:13","slug":"famelab-fiatpm","status":"publish","type":"page","link":"https:\/\/elsteamsust.uav.ro\/?page_id=354","title":{"rendered":"FameLab Facultatea de Inginerie Alimentar\u0103, Turism \u015fi Protec\u0163ia Mediului"},"content":{"rendered":"\n<p><strong>FameLab Facultatea de Inginerie, Alimentar\u0103, Turism \u0219i Protec\u021bia Mediului<\/strong><\/p>\n\n\n\n<p>Eveniment organizat de <strong>Universitatea \u201eAurel Vlaicu\u201d din Arad <\/strong>\u0219i <strong>Facultatea de Inginerie, Alimentar\u0103, Turism \u0219i Protec\u021bia Mediului<\/strong><\/p>\n\n\n\n<p>\u201eExplorarea Lumii prin STEAM pentru un Viitor Sustenabil\u201d<\/p>\n\n\n\n<p>Nr. 8SSSC \/ 2025 \u00b7 Cod proiect: PN-IV-P10-SS-SC-2024-0128<\/p>\n\n\n\n<p><strong>EcoLab: \u0218tiin\u021ba vorbelor curate<\/strong><\/p>\n\n\n\n<p>\u2014 Managementul de\u0219eurilor \u0219i solu\u021bii sustenabile pentru reducerea acestora \u2014<\/p>\n\n\n\n<p>FameLab \u2013 Competi\u021bie pentru elevi<\/p>\n\n\n\n<figure class=\"wp-block-image size-large\"><a href=\"https:\/\/elsteamsust.uav.ro\/wp-content\/uploads\/2025\/10\/FameLab-Competitie-pentru-elevi.png\"><img loading=\"lazy\" decoding=\"async\" width=\"724\" height=\"1024\" src=\"https:\/\/elsteamsust.uav.ro\/wp-content\/uploads\/2025\/10\/FameLab-Competitie-pentru-elevi-724x1024.png\" alt=\"\" class=\"wp-image-529\" srcset=\"https:\/\/elsteamsust.uav.ro\/wp-content\/uploads\/2025\/10\/FameLab-Competitie-pentru-elevi-724x1024.png 724w, https:\/\/elsteamsust.uav.ro\/wp-content\/uploads\/2025\/10\/FameLab-Competitie-pentru-elevi-212x300.png 212w, https:\/\/elsteamsust.uav.ro\/wp-content\/uploads\/2025\/10\/FameLab-Competitie-pentru-elevi-768x1086.png 768w, https:\/\/elsteamsust.uav.ro\/wp-content\/uploads\/2025\/10\/FameLab-Competitie-pentru-elevi-1086x1536.png 1086w, https:\/\/elsteamsust.uav.ro\/wp-content\/uploads\/2025\/10\/FameLab-Competitie-pentru-elevi.png 1414w\" sizes=\"auto, (max-width: 724px) 100vw, 724px\" \/><\/a><\/figure>\n\n\n\n<p><strong>Regulament \u0219i criterii de jurizare<\/strong><\/p>\n\n\n\n<p>Participan\u021bii trebuie s\u0103 trimit\u0103 un poster sau o prezentare PowerPoint, \u00een care \u00ee\u0219i sus\u021bin conceptul \u0219tiin\u021bific despre solu\u021bii sustenabile pentru reducerea de\u0219eurilor. Aceste lucr\u0103ri vor fi jurizate de c\u0103tre cadre didactice \u0219i studen\u021bi ai FIATPM.<\/p>\n\n\n\n<p>Participan\u021bii vor fi evalua\u021bi de c\u0103tre juriu dup\u0103 cele 3 criterii cheie:<\/p>\n\n\n\n<ol class=\"wp-block-list\">\n<li>Claritate (30%);<\/li>\n\n\n\n<li>Con\u021binut \u0219tiin\u021bific (40%);<\/li>\n\n\n\n<li>Carism\u0103 \u0219i impact (30%).<\/li>\n<\/ol>\n\n\n\n<p>D\u0103 fr\u0103u ideilor \u0219i \u00eenscrie-te la competi\u021bie p\u00e2n\u0103 pe 14 noiembrie 2025, trimi\u021b\u00e2nd materialul \u00een format digital la elsteamsust@gmail.com.<\/p>\n\n\n\n<p>Predarea materialelor:<\/p>\n\n\n\n<ul class=\"wp-block-list\">\n<li>Poster (PDF\/JPG);<\/li>\n\n\n\n<li>Prezentare PowerPoint (PPT\/Canva).<\/li>\n<\/ul>\n\n\n\n<p><strong>Premiere noiembrie 2025<\/strong><\/p>\n\n\n\n<figure class=\"wp-block-gallery has-nested-images columns-default is-cropped wp-block-gallery-1 is-layout-flex wp-block-gallery-is-layout-flex\">\n<figure class=\"wp-block-image size-large\"><a href=\"https:\/\/elsteamsust.uav.ro\/wp-content\/uploads\/2025\/12\/587821263_1446298523898430_1733859148233596845_n.jpg\"><img loading=\"lazy\" decoding=\"async\" width=\"1024\" height=\"683\" data-id=\"866\" src=\"https:\/\/elsteamsust.uav.ro\/wp-content\/uploads\/2025\/12\/587821263_1446298523898430_1733859148233596845_n-1024x683.jpg\" alt=\"\" class=\"wp-image-866\" srcset=\"https:\/\/elsteamsust.uav.ro\/wp-content\/uploads\/2025\/12\/587821263_1446298523898430_1733859148233596845_n-1024x683.jpg 1024w, https:\/\/elsteamsust.uav.ro\/wp-content\/uploads\/2025\/12\/587821263_1446298523898430_1733859148233596845_n-300x200.jpg 300w, https:\/\/elsteamsust.uav.ro\/wp-content\/uploads\/2025\/12\/587821263_1446298523898430_1733859148233596845_n-768x512.jpg 768w, https:\/\/elsteamsust.uav.ro\/wp-content\/uploads\/2025\/12\/587821263_1446298523898430_1733859148233596845_n-1536x1024.jpg 1536w, https:\/\/elsteamsust.uav.ro\/wp-content\/uploads\/2025\/12\/587821263_1446298523898430_1733859148233596845_n.jpg 2048w\" sizes=\"auto, (max-width: 1024px) 100vw, 1024px\" \/><\/a><\/figure>\n\n\n\n<figure class=\"wp-block-image size-large\"><a href=\"https:\/\/elsteamsust.uav.ro\/wp-content\/uploads\/2025\/12\/588654931_1446299320565017_1218533098299939336_n.jpg\"><img loading=\"lazy\" decoding=\"async\" width=\"1024\" height=\"683\" data-id=\"868\" src=\"https:\/\/elsteamsust.uav.ro\/wp-content\/uploads\/2025\/12\/588654931_1446299320565017_1218533098299939336_n-1024x683.jpg\" alt=\"\" class=\"wp-image-868\" srcset=\"https:\/\/elsteamsust.uav.ro\/wp-content\/uploads\/2025\/12\/588654931_1446299320565017_1218533098299939336_n-1024x683.jpg 1024w, https:\/\/elsteamsust.uav.ro\/wp-content\/uploads\/2025\/12\/588654931_1446299320565017_1218533098299939336_n-300x200.jpg 300w, https:\/\/elsteamsust.uav.ro\/wp-content\/uploads\/2025\/12\/588654931_1446299320565017_1218533098299939336_n-768x512.jpg 768w, https:\/\/elsteamsust.uav.ro\/wp-content\/uploads\/2025\/12\/588654931_1446299320565017_1218533098299939336_n-1536x1024.jpg 1536w, https:\/\/elsteamsust.uav.ro\/wp-content\/uploads\/2025\/12\/588654931_1446299320565017_1218533098299939336_n.jpg 2048w\" sizes=\"auto, (max-width: 1024px) 100vw, 1024px\" \/><\/a><\/figure>\n\n\n\n<figure class=\"wp-block-image size-large\"><a href=\"https:\/\/elsteamsust.uav.ro\/wp-content\/uploads\/2025\/12\/585080718_1446299257231690_5644301876078720405_n.jpg\"><img loading=\"lazy\" decoding=\"async\" width=\"1024\" height=\"683\" data-id=\"867\" src=\"https:\/\/elsteamsust.uav.ro\/wp-content\/uploads\/2025\/12\/585080718_1446299257231690_5644301876078720405_n-1024x683.jpg\" alt=\"\" class=\"wp-image-867\" srcset=\"https:\/\/elsteamsust.uav.ro\/wp-content\/uploads\/2025\/12\/585080718_1446299257231690_5644301876078720405_n-1024x683.jpg 1024w, https:\/\/elsteamsust.uav.ro\/wp-content\/uploads\/2025\/12\/585080718_1446299257231690_5644301876078720405_n-300x200.jpg 300w, https:\/\/elsteamsust.uav.ro\/wp-content\/uploads\/2025\/12\/585080718_1446299257231690_5644301876078720405_n-768x512.jpg 768w, https:\/\/elsteamsust.uav.ro\/wp-content\/uploads\/2025\/12\/585080718_1446299257231690_5644301876078720405_n-1536x1024.jpg 1536w, https:\/\/elsteamsust.uav.ro\/wp-content\/uploads\/2025\/12\/585080718_1446299257231690_5644301876078720405_n.jpg 2048w\" sizes=\"auto, (max-width: 1024px) 100vw, 1024px\" \/><\/a><\/figure>\n\n\n\n<figure class=\"wp-block-image size-large\"><a href=\"https:\/\/elsteamsust.uav.ro\/wp-content\/uploads\/2025\/12\/587209398_1446299240565025_5494368209414280469_n.jpg\"><img loading=\"lazy\" decoding=\"async\" width=\"1024\" height=\"683\" data-id=\"869\" src=\"https:\/\/elsteamsust.uav.ro\/wp-content\/uploads\/2025\/12\/587209398_1446299240565025_5494368209414280469_n-1024x683.jpg\" alt=\"\" class=\"wp-image-869\" srcset=\"https:\/\/elsteamsust.uav.ro\/wp-content\/uploads\/2025\/12\/587209398_1446299240565025_5494368209414280469_n-1024x683.jpg 1024w, https:\/\/elsteamsust.uav.ro\/wp-content\/uploads\/2025\/12\/587209398_1446299240565025_5494368209414280469_n-300x200.jpg 300w, https:\/\/elsteamsust.uav.ro\/wp-content\/uploads\/2025\/12\/587209398_1446299240565025_5494368209414280469_n-768x512.jpg 768w, https:\/\/elsteamsust.uav.ro\/wp-content\/uploads\/2025\/12\/587209398_1446299240565025_5494368209414280469_n-1536x1024.jpg 1536w, https:\/\/elsteamsust.uav.ro\/wp-content\/uploads\/2025\/12\/587209398_1446299240565025_5494368209414280469_n.jpg 2048w\" sizes=\"auto, (max-width: 1024px) 100vw, 1024px\" \/><\/a><\/figure>\n\n\n\n<figure class=\"wp-block-image size-large\"><a href=\"https:\/\/elsteamsust.uav.ro\/wp-content\/uploads\/2025\/12\/587680103_1446299163898366_3014111367666067674_n.jpg\"><img loading=\"lazy\" decoding=\"async\" width=\"1024\" height=\"683\" data-id=\"870\" src=\"https:\/\/elsteamsust.uav.ro\/wp-content\/uploads\/2025\/12\/587680103_1446299163898366_3014111367666067674_n-1024x683.jpg\" alt=\"\" class=\"wp-image-870\" srcset=\"https:\/\/elsteamsust.uav.ro\/wp-content\/uploads\/2025\/12\/587680103_1446299163898366_3014111367666067674_n-1024x683.jpg 1024w, https:\/\/elsteamsust.uav.ro\/wp-content\/uploads\/2025\/12\/587680103_1446299163898366_3014111367666067674_n-300x200.jpg 300w, https:\/\/elsteamsust.uav.ro\/wp-content\/uploads\/2025\/12\/587680103_1446299163898366_3014111367666067674_n-768x512.jpg 768w, https:\/\/elsteamsust.uav.ro\/wp-content\/uploads\/2025\/12\/587680103_1446299163898366_3014111367666067674_n-1536x1024.jpg 1536w, https:\/\/elsteamsust.uav.ro\/wp-content\/uploads\/2025\/12\/587680103_1446299163898366_3014111367666067674_n.jpg 2048w\" sizes=\"auto, (max-width: 1024px) 100vw, 1024px\" \/><\/a><\/figure>\n\n\n\n<figure class=\"wp-block-image size-large\"><a href=\"https:\/\/elsteamsust.uav.ro\/wp-content\/uploads\/2025\/12\/587600980_1446299137231702_2331962732085052776_n.jpg\"><img loading=\"lazy\" decoding=\"async\" width=\"1024\" height=\"683\" data-id=\"876\" src=\"https:\/\/elsteamsust.uav.ro\/wp-content\/uploads\/2025\/12\/587600980_1446299137231702_2331962732085052776_n-1024x683.jpg\" alt=\"\" class=\"wp-image-876\" srcset=\"https:\/\/elsteamsust.uav.ro\/wp-content\/uploads\/2025\/12\/587600980_1446299137231702_2331962732085052776_n-1024x683.jpg 1024w, https:\/\/elsteamsust.uav.ro\/wp-content\/uploads\/2025\/12\/587600980_1446299137231702_2331962732085052776_n-300x200.jpg 300w, https:\/\/elsteamsust.uav.ro\/wp-content\/uploads\/2025\/12\/587600980_1446299137231702_2331962732085052776_n-768x512.jpg 768w, https:\/\/elsteamsust.uav.ro\/wp-content\/uploads\/2025\/12\/587600980_1446299137231702_2331962732085052776_n-1536x1024.jpg 1536w, https:\/\/elsteamsust.uav.ro\/wp-content\/uploads\/2025\/12\/587600980_1446299137231702_2331962732085052776_n.jpg 2048w\" sizes=\"auto, (max-width: 1024px) 100vw, 1024px\" \/><\/a><\/figure>\n\n\n\n<figure class=\"wp-block-image size-large\"><a href=\"https:\/\/elsteamsust.uav.ro\/wp-content\/uploads\/2025\/12\/588615643_1446299283898354_5198726542953835706_n.jpg\"><img loading=\"lazy\" decoding=\"async\" width=\"1024\" height=\"683\" data-id=\"873\" src=\"https:\/\/elsteamsust.uav.ro\/wp-content\/uploads\/2025\/12\/588615643_1446299283898354_5198726542953835706_n-1024x683.jpg\" alt=\"\" class=\"wp-image-873\" srcset=\"https:\/\/elsteamsust.uav.ro\/wp-content\/uploads\/2025\/12\/588615643_1446299283898354_5198726542953835706_n-1024x683.jpg 1024w, https:\/\/elsteamsust.uav.ro\/wp-content\/uploads\/2025\/12\/588615643_1446299283898354_5198726542953835706_n-300x200.jpg 300w, https:\/\/elsteamsust.uav.ro\/wp-content\/uploads\/2025\/12\/588615643_1446299283898354_5198726542953835706_n-768x512.jpg 768w, https:\/\/elsteamsust.uav.ro\/wp-content\/uploads\/2025\/12\/588615643_1446299283898354_5198726542953835706_n-1536x1024.jpg 1536w, https:\/\/elsteamsust.uav.ro\/wp-content\/uploads\/2025\/12\/588615643_1446299283898354_5198726542953835706_n.jpg 2048w\" sizes=\"auto, (max-width: 1024px) 100vw, 1024px\" \/><\/a><\/figure>\n\n\n\n<figure class=\"wp-block-image size-large\"><a href=\"https:\/\/elsteamsust.uav.ro\/wp-content\/uploads\/2025\/12\/585516933_1446299133898369_2988732797711294900_n.jpg\"><img loading=\"lazy\" decoding=\"async\" width=\"1024\" height=\"683\" data-id=\"874\" src=\"https:\/\/elsteamsust.uav.ro\/wp-content\/uploads\/2025\/12\/585516933_1446299133898369_2988732797711294900_n-1024x683.jpg\" alt=\"\" class=\"wp-image-874\" srcset=\"https:\/\/elsteamsust.uav.ro\/wp-content\/uploads\/2025\/12\/585516933_1446299133898369_2988732797711294900_n-1024x683.jpg 1024w, https:\/\/elsteamsust.uav.ro\/wp-content\/uploads\/2025\/12\/585516933_1446299133898369_2988732797711294900_n-300x200.jpg 300w, https:\/\/elsteamsust.uav.ro\/wp-content\/uploads\/2025\/12\/585516933_1446299133898369_2988732797711294900_n-768x512.jpg 768w, https:\/\/elsteamsust.uav.ro\/wp-content\/uploads\/2025\/12\/585516933_1446299133898369_2988732797711294900_n-1536x1024.jpg 1536w, https:\/\/elsteamsust.uav.ro\/wp-content\/uploads\/2025\/12\/585516933_1446299133898369_2988732797711294900_n.jpg 2048w\" sizes=\"auto, (max-width: 1024px) 100vw, 1024px\" \/><\/a><\/figure>\n\n\n\n<figure class=\"wp-block-image size-large\"><a href=\"https:\/\/elsteamsust.uav.ro\/wp-content\/uploads\/2025\/12\/586040121_1446299090565040_5113101690933941428_n.jpg\"><img loading=\"lazy\" decoding=\"async\" width=\"1024\" height=\"683\" data-id=\"872\" src=\"https:\/\/elsteamsust.uav.ro\/wp-content\/uploads\/2025\/12\/586040121_1446299090565040_5113101690933941428_n-1024x683.jpg\" alt=\"\" class=\"wp-image-872\" srcset=\"https:\/\/elsteamsust.uav.ro\/wp-content\/uploads\/2025\/12\/586040121_1446299090565040_5113101690933941428_n-1024x683.jpg 1024w, https:\/\/elsteamsust.uav.ro\/wp-content\/uploads\/2025\/12\/586040121_1446299090565040_5113101690933941428_n-300x200.jpg 300w, https:\/\/elsteamsust.uav.ro\/wp-content\/uploads\/2025\/12\/586040121_1446299090565040_5113101690933941428_n-768x512.jpg 768w, https:\/\/elsteamsust.uav.ro\/wp-content\/uploads\/2025\/12\/586040121_1446299090565040_5113101690933941428_n-1536x1024.jpg 1536w, https:\/\/elsteamsust.uav.ro\/wp-content\/uploads\/2025\/12\/586040121_1446299090565040_5113101690933941428_n.jpg 2048w\" sizes=\"auto, (max-width: 1024px) 100vw, 1024px\" \/><\/a><\/figure>\n\n\n\n<figure class=\"wp-block-image size-large\"><a href=\"https:\/\/elsteamsust.uav.ro\/wp-content\/uploads\/2025\/12\/584972301_1446299030565046_939158761822881764_n.jpg\"><img loading=\"lazy\" decoding=\"async\" width=\"1024\" height=\"683\" data-id=\"871\" src=\"https:\/\/elsteamsust.uav.ro\/wp-content\/uploads\/2025\/12\/584972301_1446299030565046_939158761822881764_n-1024x683.jpg\" alt=\"\" class=\"wp-image-871\" srcset=\"https:\/\/elsteamsust.uav.ro\/wp-content\/uploads\/2025\/12\/584972301_1446299030565046_939158761822881764_n-1024x683.jpg 1024w, https:\/\/elsteamsust.uav.ro\/wp-content\/uploads\/2025\/12\/584972301_1446299030565046_939158761822881764_n-300x200.jpg 300w, https:\/\/elsteamsust.uav.ro\/wp-content\/uploads\/2025\/12\/584972301_1446299030565046_939158761822881764_n-768x512.jpg 768w, https:\/\/elsteamsust.uav.ro\/wp-content\/uploads\/2025\/12\/584972301_1446299030565046_939158761822881764_n-1536x1024.jpg 1536w, https:\/\/elsteamsust.uav.ro\/wp-content\/uploads\/2025\/12\/584972301_1446299030565046_939158761822881764_n.jpg 2048w\" sizes=\"auto, (max-width: 1024px) 100vw, 1024px\" \/><\/a><\/figure>\n\n\n\n<figure class=\"wp-block-image size-large\"><a href=\"https:\/\/elsteamsust.uav.ro\/wp-content\/uploads\/2025\/12\/588592334_1446299027231713_978986027964206821_n.jpg\"><img loading=\"lazy\" decoding=\"async\" width=\"1024\" height=\"683\" data-id=\"877\" src=\"https:\/\/elsteamsust.uav.ro\/wp-content\/uploads\/2025\/12\/588592334_1446299027231713_978986027964206821_n-1024x683.jpg\" alt=\"\" class=\"wp-image-877\" srcset=\"https:\/\/elsteamsust.uav.ro\/wp-content\/uploads\/2025\/12\/588592334_1446299027231713_978986027964206821_n-1024x683.jpg 1024w, https:\/\/elsteamsust.uav.ro\/wp-content\/uploads\/2025\/12\/588592334_1446299027231713_978986027964206821_n-300x200.jpg 300w, https:\/\/elsteamsust.uav.ro\/wp-content\/uploads\/2025\/12\/588592334_1446299027231713_978986027964206821_n-768x512.jpg 768w, https:\/\/elsteamsust.uav.ro\/wp-content\/uploads\/2025\/12\/588592334_1446299027231713_978986027964206821_n-1536x1024.jpg 1536w, https:\/\/elsteamsust.uav.ro\/wp-content\/uploads\/2025\/12\/588592334_1446299027231713_978986027964206821_n.jpg 2048w\" sizes=\"auto, (max-width: 1024px) 100vw, 1024px\" \/><\/a><\/figure>\n\n\n\n<figure class=\"wp-block-image size-large\"><a href=\"https:\/\/elsteamsust.uav.ro\/wp-content\/uploads\/2025\/12\/588617404_1446298597231756_2692051705325556681_n.jpg\"><img loading=\"lazy\" decoding=\"async\" width=\"1024\" height=\"683\" data-id=\"875\" src=\"https:\/\/elsteamsust.uav.ro\/wp-content\/uploads\/2025\/12\/588617404_1446298597231756_2692051705325556681_n-1024x683.jpg\" alt=\"\" class=\"wp-image-875\" srcset=\"https:\/\/elsteamsust.uav.ro\/wp-content\/uploads\/2025\/12\/588617404_1446298597231756_2692051705325556681_n-1024x683.jpg 1024w, https:\/\/elsteamsust.uav.ro\/wp-content\/uploads\/2025\/12\/588617404_1446298597231756_2692051705325556681_n-300x200.jpg 300w, https:\/\/elsteamsust.uav.ro\/wp-content\/uploads\/2025\/12\/588617404_1446298597231756_2692051705325556681_n-768x512.jpg 768w, https:\/\/elsteamsust.uav.ro\/wp-content\/uploads\/2025\/12\/588617404_1446298597231756_2692051705325556681_n-1536x1024.jpg 1536w, https:\/\/elsteamsust.uav.ro\/wp-content\/uploads\/2025\/12\/588617404_1446298597231756_2692051705325556681_n.jpg 2048w\" sizes=\"auto, (max-width: 1024px) 100vw, 1024px\" \/><\/a><\/figure>\n<\/figure>\n\n\n\n<p><\/p>\n","protected":false},"excerpt":{"rendered":"<p>FameLab Facultatea de Inginerie, Alimentar\u0103, Turism \u0219i Protec\u021bia Mediului Eveniment organizat de Universitatea \u201eAurel Vlaicu\u201d din Arad \u0219i Facultatea de Inginerie, Alimentar\u0103, Turism \u0219i Protec\u021bia Mediului \u201eExplorarea Lumii prin STEAM pentru un Viitor Sustenabil\u201d Nr. 8SSSC \/ 2025 \u00b7 Cod &hellip; <a href=\"https:\/\/elsteamsust.uav.ro\/?page_id=354\">Continue reading <span class=\"meta-nav\">&rarr;<\/span><\/a><\/p>\n","protected":false},"author":1,"featured_media":0,"parent":331,"menu_order":0,"comment_status":"closed","ping_status":"closed","template":"","meta":{"footnotes":""},"class_list":["post-354","page","type-page","status-publish","hentry"],"_links":{"self":[{"href":"https:\/\/elsteamsust.uav.ro\/index.php?rest_route=\/wp\/v2\/pages\/354","targetHints":{"allow":["GET"]}}],"collection":[{"href":"https:\/\/elsteamsust.uav.ro\/index.php?rest_route=\/wp\/v2\/pages"}],"about":[{"href":"https:\/\/elsteamsust.uav.ro\/index.php?rest_route=\/wp\/v2\/types\/page"}],"author":[{"embeddable":true,"href":"https:\/\/elsteamsust.uav.ro\/index.php?rest_route=\/wp\/v2\/users\/1"}],"replies":[{"embeddable":true,"href":"https:\/\/elsteamsust.uav.ro\/index.php?rest_route=%2Fwp%2Fv2%2Fcomments&post=354"}],"version-history":[{"count":7,"href":"https:\/\/elsteamsust.uav.ro\/index.php?rest_route=\/wp\/v2\/pages\/354\/revisions"}],"predecessor-version":[{"id":1032,"href":"https:\/\/elsteamsust.uav.ro\/index.php?rest_route=\/wp\/v2\/pages\/354\/revisions\/1032"}],"up":[{"embeddable":true,"href":"https:\/\/elsteamsust.uav.ro\/index.php?rest_route=\/wp\/v2\/pages\/331"}],"wp:attachment":[{"href":"https:\/\/elsteamsust.uav.ro\/index.php?rest_route=%2Fwp%2Fv2%2Fmedia&parent=354"}],"curies":[{"name":"wp","href":"https:\/\/api.w.org\/{rel}","templated":true}]}}