{"id":331,"date":"2025-09-19T11:05:19","date_gmt":"2025-09-19T11:05:19","guid":{"rendered":"https:\/\/elsteamsust.uav.ro\/?page_id=331"},"modified":"2025-10-08T13:28:39","modified_gmt":"2025-10-08T13:28:39","slug":"famelab","status":"publish","type":"page","link":"https:\/\/elsteamsust.uav.ro\/?page_id=331","title":{"rendered":"FameLab"},"content":{"rendered":"\n<figure class=\"wp-block-image size-large\"><img loading=\"lazy\" decoding=\"async\" width=\"1024\" height=\"619\" src=\"https:\/\/elsteamsust.uav.ro\/wp-content\/uploads\/2025\/09\/image-1024x619.png\" alt=\"\" class=\"wp-image-369\" srcset=\"https:\/\/elsteamsust.uav.ro\/wp-content\/uploads\/2025\/09\/image-1024x619.png 1024w, https:\/\/elsteamsust.uav.ro\/wp-content\/uploads\/2025\/09\/image-300x181.png 300w, https:\/\/elsteamsust.uav.ro\/wp-content\/uploads\/2025\/09\/image-768x465.png 768w, https:\/\/elsteamsust.uav.ro\/wp-content\/uploads\/2025\/09\/image-1536x929.png 1536w, https:\/\/elsteamsust.uav.ro\/wp-content\/uploads\/2025\/09\/image-2048x1239.png 2048w\" sizes=\"auto, (max-width: 1024px) 100vw, 1024px\" \/><\/figure>\n\n\n\n<p><a href=\"https:\/\/elsteamsust.uav.ro\/?page_id=352\">Institutul de Cercetare Interdisciplinar<\/a><\/p>\n\n\n\n<p><a href=\"https:\/\/elsteamsust.uav.ro\/?page_id=354\">Facultatea de Inginerie Alimentar\u0103, Turism \u015fi Protec\u0163ia Mediului<\/a><\/p>\n\n\n\n<p><a href=\"https:\/\/elsteamsust.uav.ro\/?page_id=356\">Facultatea de Inginerie<\/a><\/p>\n\n\n\n<p><a href=\"https:\/\/elsteamsust.uav.ro\/?page_id=358\">Facultatea de \u0218tiin\u021be Exacte<\/a><\/p>\n\n\n\n<p><\/p>\n","protected":false},"excerpt":{"rendered":"<p>Institutul de Cercetare Interdisciplinar Facultatea de Inginerie Alimentar\u0103, Turism \u015fi Protec\u0163ia Mediului Facultatea de Inginerie Facultatea de \u0218tiin\u021be Exacte<\/p>\n","protected":false},"author":1,"featured_media":0,"parent":0,"menu_order":0,"comment_status":"closed","ping_status":"closed","template":"","meta":{"footnotes":""},"class_list":["post-331","page","type-page","status-publish","hentry"],"_links":{"self":[{"href":"https:\/\/elsteamsust.uav.ro\/index.php?rest_route=\/wp\/v2\/pages\/331","targetHints":{"allow":["GET"]}}],"collection":[{"href":"https:\/\/elsteamsust.uav.ro\/index.php?rest_route=\/wp\/v2\/pages"}],"about":[{"href":"https:\/\/elsteamsust.uav.ro\/index.php?rest_route=\/wp\/v2\/types\/page"}],"author":[{"embeddable":true,"href":"https:\/\/elsteamsust.uav.ro\/index.php?rest_route=\/wp\/v2\/users\/1"}],"replies":[{"embeddable":true,"href":"https:\/\/elsteamsust.uav.ro\/index.php?rest_route=%2Fwp%2Fv2%2Fcomments&post=331"}],"version-history":[{"count":7,"href":"https:\/\/elsteamsust.uav.ro\/index.php?rest_route=\/wp\/v2\/pages\/331\/revisions"}],"predecessor-version":[{"id":437,"href":"https:\/\/elsteamsust.uav.ro\/index.php?rest_route=\/wp\/v2\/pages\/331\/revisions\/437"}],"wp:attachment":[{"href":"https:\/\/elsteamsust.uav.ro\/index.php?rest_route=%2Fwp%2Fv2%2Fmedia&parent=331"}],"curies":[{"name":"wp","href":"https:\/\/api.w.org\/{rel}","templated":true}]}}