{"id":315,"date":"2025-09-17T11:26:57","date_gmt":"2025-09-17T11:26:57","guid":{"rendered":"https:\/\/elsteamsust.uav.ro\/?page_id=315"},"modified":"2025-09-17T11:37:19","modified_gmt":"2025-09-17T11:37:19","slug":"feed-back","status":"publish","type":"page","link":"https:\/\/elsteamsust.uav.ro\/?page_id=315","title":{"rendered":"Feed-back"},"content":{"rendered":"\n<p>V\u0103 rug\u0103m s\u0103 completa\u021bi chestionarele de feedback, disponibile mai jos, separat pentru cadrele didactice \u0219i pentru elevi. <\/p>\n\n\n\n<div class=\"wp-block-media-text is-stacked-on-mobile\"><figure class=\"wp-block-media-text__media\"><img loading=\"lazy\" decoding=\"async\" width=\"490\" height=\"490\" src=\"https:\/\/elsteamsust.uav.ro\/wp-content\/uploads\/2025\/09\/WhatsApp-Image-2025-09-17-at-14.17.31.jpeg\" alt=\"\" class=\"wp-image-320 size-full\" srcset=\"https:\/\/elsteamsust.uav.ro\/wp-content\/uploads\/2025\/09\/WhatsApp-Image-2025-09-17-at-14.17.31.jpeg 490w, https:\/\/elsteamsust.uav.ro\/wp-content\/uploads\/2025\/09\/WhatsApp-Image-2025-09-17-at-14.17.31-300x300.jpeg 300w, https:\/\/elsteamsust.uav.ro\/wp-content\/uploads\/2025\/09\/WhatsApp-Image-2025-09-17-at-14.17.31-150x150.jpeg 150w\" sizes=\"auto, (max-width: 490px) 100vw, 490px\" \/><\/figure><div class=\"wp-block-media-text__content\">\n<p><a href=\"https:\/\/docs.google.com\/forms\/d\/e\/1FAIpQLScbp9Qvs5Qu-mTe60O7pXnuWjROf4CeKJBObutGw9FQWJIHbQ\/viewform\">Chestionar profesori \u00eenso\u021bitori<\/a><\/p>\n<\/div><\/div>\n\n\n\n<div class=\"wp-block-media-text has-media-on-the-right is-stacked-on-mobile\"><div class=\"wp-block-media-text__content\">\n<p><a href=\"https:\/\/docs.google.com\/forms\/d\/e\/1FAIpQLSe2P-sWJ1IVmn2iO29F2CWCG56SJzos1e7RzOD7jTihbNz0Rg\/viewform\">Chestionar pentru elevi<\/a><\/p>\n<\/div><figure class=\"wp-block-media-text__media\"><img loading=\"lazy\" decoding=\"async\" width=\"490\" height=\"490\" src=\"https:\/\/elsteamsust.uav.ro\/wp-content\/uploads\/2025\/09\/Elevi.jpeg\" alt=\"\" class=\"wp-image-321 size-full\" srcset=\"https:\/\/elsteamsust.uav.ro\/wp-content\/uploads\/2025\/09\/Elevi.jpeg 490w, https:\/\/elsteamsust.uav.ro\/wp-content\/uploads\/2025\/09\/Elevi-300x300.jpeg 300w, https:\/\/elsteamsust.uav.ro\/wp-content\/uploads\/2025\/09\/Elevi-150x150.jpeg 150w\" sizes=\"auto, (max-width: 490px) 100vw, 490px\" \/><\/figure><\/div>\n","protected":false},"excerpt":{"rendered":"<p>V\u0103 rug\u0103m s\u0103 completa\u021bi chestionarele de feedback, disponibile mai jos, separat pentru cadrele didactice \u0219i pentru elevi. Chestionar profesori \u00eenso\u021bitori Chestionar pentru elevi<\/p>\n","protected":false},"author":1,"featured_media":0,"parent":0,"menu_order":0,"comment_status":"closed","ping_status":"closed","template":"","meta":{"footnotes":""},"class_list":["post-315","page","type-page","status-publish","hentry"],"_links":{"self":[{"href":"https:\/\/elsteamsust.uav.ro\/index.php?rest_route=\/wp\/v2\/pages\/315","targetHints":{"allow":["GET"]}}],"collection":[{"href":"https:\/\/elsteamsust.uav.ro\/index.php?rest_route=\/wp\/v2\/pages"}],"about":[{"href":"https:\/\/elsteamsust.uav.ro\/index.php?rest_route=\/wp\/v2\/types\/page"}],"author":[{"embeddable":true,"href":"https:\/\/elsteamsust.uav.ro\/index.php?rest_route=\/wp\/v2\/users\/1"}],"replies":[{"embeddable":true,"href":"https:\/\/elsteamsust.uav.ro\/index.php?rest_route=%2Fwp%2Fv2%2Fcomments&post=315"}],"version-history":[{"count":2,"href":"https:\/\/elsteamsust.uav.ro\/index.php?rest_route=\/wp\/v2\/pages\/315\/revisions"}],"predecessor-version":[{"id":322,"href":"https:\/\/elsteamsust.uav.ro\/index.php?rest_route=\/wp\/v2\/pages\/315\/revisions\/322"}],"wp:attachment":[{"href":"https:\/\/elsteamsust.uav.ro\/index.php?rest_route=%2Fwp%2Fv2%2Fmedia&parent=315"}],"curies":[{"name":"wp","href":"https:\/\/api.w.org\/{rel}","templated":true}]}}