{"id":2,"date":"2025-09-01T10:57:39","date_gmt":"2025-09-01T10:57:39","guid":{"rendered":"https:\/\/cpps-cancer.uav.ro\/?page_id=2"},"modified":"2025-10-06T14:44:31","modified_gmt":"2025-10-06T14:44:31","slug":"echipa-proiectului","status":"publish","type":"page","link":"https:\/\/elsteamsust.uav.ro\/?page_id=2","title":{"rendered":"Echipa proiectului"},"content":{"rendered":"\n<p><strong>Director de proiect: <\/strong> Dana Maria Copolovici, Prof. Dr. Hab.<\/p>\n\n\n\n<div class=\"wp-block-media-text is-stacked-on-mobile is-vertically-aligned-center\" style=\"grid-template-columns:22% auto\"><figure class=\"wp-block-media-text__media\"><img loading=\"lazy\" decoding=\"async\" width=\"734\" height=\"915\" src=\"https:\/\/cpps-cancer.uav.ro\/wp-content\/uploads\/2022\/09\/Poza-Dana-Copolovici.jpeg\" alt=\"\" class=\"wp-image-24 size-full\" srcset=\"https:\/\/elsteamsust.uav.ro\/wp-content\/uploads\/2022\/09\/Poza-Dana-Copolovici.jpeg 734w, https:\/\/elsteamsust.uav.ro\/wp-content\/uploads\/2022\/09\/Poza-Dana-Copolovici-241x300.jpeg 241w\" sizes=\"auto, (max-width: 734px) 100vw, 734px\" \/><\/figure><div class=\"wp-block-media-text__content\">\n<p><a href=\"https:\/\/orcid.org\/0000-0002-1491-0473\">ORCID<\/a><\/p>\n\n\n\n<p><a href=\"https:\/\/www.brainmap.ro\/dana-copolovici\">BrainMap<\/a><\/p>\n<\/div><\/div>\n\n\n\n<p><strong>Echipa de implementare a proiectului<\/strong><\/p>\n\n\n\n<p><strong>Institutul de cercetare Interdisciplinar al UAV  (ICID)<\/strong><\/p>\n\n\n\n<p><strong>Responsabil:<\/strong> <a href=\"https:\/\/www.brainmap.ro\/lucian-copolovici\">Prof. Dr. Habil. Lucian Copolovici<\/a><\/p>\n\n\n\n<p><strong>Membrii echipei:<\/strong><\/p>\n\n\n\n<ul class=\"wp-block-list\">\n<li><a href=\"https:\/\/www.brainmap.ro\/teodor-florin-cilan\">Conf. Dr. Teodor Cilan<\/a><\/li>\n\n\n\n<li><a href=\"https:\/\/www.brainmap.ro\/andreea-lupitu\">CS II Dr. Andreea Lupitu<\/a><\/li>\n\n\n\n<li><a href=\"https:\/\/www.brainmap.ro\/cristian-moisa\">CS II Dr. Cristian Moisa<\/a><\/li>\n\n\n\n<li><a href=\"https:\/\/www.brainmap.ro\/flavia-viorela-bortes\">ACS Drd. Flavia Bortes<\/a><\/li>\n<\/ul>\n\n\n\n<p><strong>Facultatea de Inginerie Alimentara, Turism si Protectia Mediului: FIATPM<\/strong><\/p>\n\n\n\n<p><strong>Responsabil:&nbsp;<\/strong><a href=\"https:\/\/www.brainmap.ro\/dana-maria-copolovici\">Dana Maria Copolovici<\/a><\/p>\n\n\n\n<p><strong>Membrii echipei:<\/strong><\/p>\n\n\n\n<ul class=\"wp-block-list\">\n<li><a href=\"https:\/\/www.brainmap.ro\/florentina-daniela-munteanu\" data-type=\"link\" data-id=\"https:\/\/www.brainmap.ro\/florentina-daniela-munteanu\">Prof. Dr. Habil. Florentina Munteanu<\/a><\/li>\n\n\n\n<li><a href=\"https:\/\/www.brainmap.ro\/claudia-muresan\" data-type=\"link\" data-id=\"https:\/\/www.brainmap.ro\/claudia-muresan\">Conf. Dr. Claudia Muresan<\/a><\/li>\n\n\n\n<li><a href=\"https:\/\/www.brainmap.ro\/bianca-denisa-chereji\" data-type=\"link\" data-id=\"https:\/\/www.brainmap.ro\/bianca-denisa-chereji\">As univ. Dr.  Bianca Chereji<\/a><\/li>\n<\/ul>\n\n\n\n<p><strong>Facultatea de Inginerie (FI<\/strong>)<\/p>\n\n\n\n<p><strong>Responsabil:<\/strong> <a href=\"https:\/\/www.brainmap.ro\/corina-anca-mnerie\">Lector Univ. Dr. Ing. Corina-Anca Mnerie<\/a><\/p>\n\n\n\n<p><strong>Membrii echipei:<\/strong><\/p>\n\n\n\n<ul class=\"wp-block-list\">\n<li><a href=\"https:\/\/www.brainmap.ro\/daniel-dragu\" data-type=\"link\" data-id=\"https:\/\/www.brainmap.ro\/daniel-dragu\">S. L. PhD Daniel Dragu<\/a><\/li>\n\n\n\n<li><a href=\"https:\/\/www.brainmap.ro\/flavius-petcut\" data-type=\"link\" data-id=\"https:\/\/www.brainmap.ro\/flavius-petcut\">S. L. PhD Flavius Petcu\u021b<\/a><\/li>\n\n\n\n<li><a href=\"https:\/\/www.brainmap.ro\/adriana-elena-micsa\" data-type=\"link\" data-id=\"https:\/\/www.brainmap.ro\/adriana-elena-micsa\">S. L. PhD Adriana Mic\u0219a<\/a><\/li>\n\n\n\n<li><a href=\"https:\/\/www.brainmap.ro\/andrei-komjaty\" data-type=\"link\" data-id=\"https:\/\/www.brainmap.ro\/andrei-komjaty\">S. L. PhD Andrei Komjaty<\/a><\/li>\n\n\n\n<li><a href=\"https:\/\/www.brainmap.ro\/magdalena-simona-fogorasi\" data-type=\"link\" data-id=\"https:\/\/www.brainmap.ro\/magdalena-simona-fogorasi\">Associate professor PhD Magdalena Fogora\u0219i<\/a><\/li>\n\n\n\n<li><a href=\"https:\/\/www.brainmap.ro\/babanatis-merce-roxana-mihaela\" data-type=\"link\" data-id=\"https:\/\/www.brainmap.ro\/babanatis-merce-roxana-mihaela\">S. L. PhD Roxana Babanatis-Merce<\/a> <\/li>\n\n\n\n<li><a href=\"https:\/\/www.brainmap.ro\/adina-bucevschi\" data-type=\"link\" data-id=\"https:\/\/www.brainmap.ro\/adina-bucevschi\">Associate professor PhD Adina Bucevschi<\/a><\/li>\n\n\n\n<li><a href=\"https:\/\/www.brainmap.ro\/sirghie-cecilia\">Associate professor PhD Cecilia Sirghie<\/a><\/li>\n<\/ul>\n\n\n\n<p><strong>Facultatea de \u0218tiin\u021be Exacte (FSEx)<\/strong><\/p>\n\n\n\n<p><strong>Responsabil:<\/strong> <a href=\"https:\/\/www.brainmap.ro\/vlad-florin-dragoi\" data-type=\"link\" data-id=\"https:\/\/www.brainmap.ro\/vlad-florin-dragoi\">Associate professor PhD Vlad-Florin Dr\u0103goi<\/a><\/p>\n\n\n\n<p><strong>Membrii echipei:<\/strong><\/p>\n\n\n\n<ul class=\"wp-block-list\">\n<li><a href=\"https:\/\/www.brainmap.ro\/valeriu-beiu\">Prof. Dr. Valeiu Beiu<\/a><\/li>\n\n\n\n<li><a href=\"https:\/\/www.brainmap.ro\/lavinia-sida\">S. L. Dr. Lavinia Sida<\/a><\/li>\n\n\n\n<li><a href=\"https:\/\/www.brainmap.ro\/adrian-palcu\">Prof. Dr. Habil. Adrian Palcu<\/a><\/li>\n\n\n\n<li><a href=\"https:\/\/www.brainmap.ro\/codruta-simona-stoica\">Prof. Dr. Codru\u021ba Stoica<\/a><\/li>\n\n\n\n<li><a href=\"https:\/\/www.brainmap.ro\/claudia-mihit\">S. L. Dr. Claudia Mihi\u021b<\/a><\/li>\n\n\n\n<li><a href=\"https:\/\/www.brainmap.ro\/ghiocel-mot\">Dr. Ghiocel Mo\u021b<\/a><\/li>\n\n\n\n<li><a href=\"https:\/\/www.brainmap.ro\/mariana-nagy\">Prof. Dr. Mariana Nagy<\/a><\/li>\n<\/ul>\n\n\n\n<p><strong>Facultatea de de Educa\u0163ie Fizic\u0103 \u015fi Sport (FEFS)<\/strong><\/p>\n\n\n\n<p><strong>Responsabil:<\/strong> <a href=\"https:\/\/www.brainmap.ro\/gyongyi-osser\">Lector Univ. Dr. Gy\u00f6ngyi Osser<\/a><\/p>\n\n\n\n<p><strong>Membrii echipei:<\/strong><\/p>\n\n\n\n<ul class=\"wp-block-list\">\n<li><span style=\"caret-color: rgb(0, 0, 0); color: rgb(0, 0, 0); font-family: -webkit-standard; font-size: medium; white-space: normal;\"><a href=\"https:\/\/www.brainmap.ro\/vlad-adrian-geanta\">As. Drd. Vlad Geanta<\/a><\/span><\/li>\n\n\n\n<li><span style=\"caret-color: rgb(0, 0, 0); color: rgb(0, 0, 0); font-family: -webkit-standard; font-size: medium; white-space: normal;\"><a href=\"https:\/\/www.brainmap.ro\/viorel-petru-ardelean\">Conf. Dr. Viorel Ardelean<\/a><\/span><\/li>\n\n\n\n<li><span style=\"caret-color: rgb(0, 0, 0); color: rgb(0, 0, 0); font-family: -webkit-standard; font-size: medium; white-space: normal;\"><a href=\"https:\/\/www.brainmap.ro\/brigitte-osser\">As. Drd. Brigitte&nbsp;Osser<\/a><\/span><\/li>\n\n\n\n<li><span style=\"caret-color: rgb(0, 0, 0); color: rgb(0, 0, 0); font-family: -webkit-standard; font-size: medium; white-space: normal;\"><a href=\"https:\/\/www.brainmap.ro\/corina-ramona-dulceanu\">Conf. Dr. Corina Dulceanu<\/a><\/span><\/li>\n\n\n\n<li><span style=\"caret-color: rgb(0, 0, 0); color: rgb(0, 0, 0); font-family: -webkit-standard; font-size: medium; white-space: normal;\"><a href=\"https:\/\/www.brainmap.ro\/iosif-ilia\">S.L. Dr. Iosif Ilia<\/a><\/span><\/li>\n\n\n\n<li><span style=\"caret-color: rgb(0, 0, 0); color: rgb(0, 0, 0); font-family: -webkit-standard; font-size: medium; white-space: normal;\"><a href=\"https:\/\/www.brainmap.ro\/narcis-julien-herlo\">S.L. Dr. Julien Herlo<\/a><\/span><\/li>\n\n\n\n<li><span style=\"caret-color: rgb(0, 0, 0); color: rgb(0, 0, 0); font-family: -webkit-standard; font-size: medium; white-space: normal;\"><a href=\"https:\/\/www.brainmap.ro\/piscoi-geta\">S.L. Dr. Geta Piscoi<\/a><\/span><\/li>\n\n\n\n<li><span style=\"caret-color: rgb(0, 0, 0); color: rgb(0, 0, 0); font-family: -webkit-standard; font-size: medium; white-space: normal;\"><a href=\"https:\/\/www.brainmap.ro\/petran-denis\">As. Drd. Denis Petran<\/a><\/span><\/li>\n\n\n\n<li><span style=\"caret-color: rgb(0, 0, 0); color: rgb(0, 0, 0); font-family: -webkit-standard; font-size: medium; white-space: normal;\"><a href=\"https:\/\/www.brainmap.ro\/csongor-toth\">As. Drd. Csongor&nbsp;Toth<\/a><\/span><\/li>\n\n\n\n<li><span style=\"caret-color: rgb(0, 0, 0); color: rgb(0, 0, 0); font-family: -webkit-standard; font-size: medium; white-space: normal;\"><a href=\"https:\/\/www.brainmap.ro\/caius-calin-miuta\">S.L. Dr. Caius Miuta<\/a><\/span><\/li>\n<\/ul>\n\n\n\n<p><strong>Facultatea de Teologie Ortodoxa \u201eIlarion V. Felea\u201d (FTO)<\/strong><\/p>\n\n\n\n<p><strong>Responsabil: <\/strong><a href=\"https:\/\/www.brainmap.ro\/filip-george-albu\">Lector Univ. Dr. George Filip Albu<\/a>&nbsp;<\/p>\n\n\n\n<p><strong>Membrii echipei:<\/strong><\/p>\n\n\n\n<ul class=\"wp-block-list\">\n<li><span style=\"caret-color: rgb(0, 0, 0); color: rgb(0, 0, 0); font-family: -webkit-standard; font-size: medium; white-space: normal;\"><a href=\"https:\/\/www.brainmap.ro\/cristinel-ioja\">Prof. Dr. Habil. Cristinel Ioja<\/a><\/span><\/li>\n\n\n\n<li><a href=\"https:\/\/www.brainmap.ro\/lucian-farcasiu\">Conf. Dr. Lucian Farca\u015fiu<\/a><\/li>\n\n\n\n<li><a href=\"https:\/\/www.brainmap.ro\/marcel-tang\">S.L. Dr. Marcel Tang<\/a><\/li>\n<\/ul>\n\n\n\n<p><strong>Facultatea de design (FD)<\/strong><\/p>\n\n\n\n<p><strong>Responsabil:<\/strong> <a href=\"https:\/\/www.brainmap.ro\/diana-rodica-bota\">Conf. Univ. Dr. Diana Rodica Bota<\/a><\/p>\n\n\n\n<p><strong>Membrii echipei:<\/strong><\/p>\n\n\n\n<ul class=\"wp-block-list\">\n<li><a href=\"https:\/\/www.brainmap.ro\/maria-tamasan\">Conf. Dr. Maria T\u0103m\u0103\u0219an<\/a><\/li>\n<\/ul>\n\n\n\n<p><\/p>\n\n\n\n<p><br><\/p>\n\n\n\n<p><\/p>\n","protected":false},"excerpt":{"rendered":"<p>Director de proiect: Dana Maria Copolovici, Prof. Dr. Hab. ORCID BrainMap Echipa de implementare a proiectului Institutul de cercetare Interdisciplinar al UAV (ICID) Responsabil: Prof. Dr. Habil. Lucian Copolovici Membrii echipei: Facultatea de Inginerie Alimentara, Turism si Protectia Mediului: FIATPM &hellip; <a href=\"https:\/\/elsteamsust.uav.ro\/?page_id=2\">Continue reading <span class=\"meta-nav\">&rarr;<\/span><\/a><\/p>\n","protected":false},"author":1,"featured_media":0,"parent":0,"menu_order":0,"comment_status":"closed","ping_status":"closed","template":"","meta":{"footnotes":""},"class_list":["post-2","page","type-page","status-publish","hentry"],"_links":{"self":[{"href":"https:\/\/elsteamsust.uav.ro\/index.php?rest_route=\/wp\/v2\/pages\/2","targetHints":{"allow":["GET"]}}],"collection":[{"href":"https:\/\/elsteamsust.uav.ro\/index.php?rest_route=\/wp\/v2\/pages"}],"about":[{"href":"https:\/\/elsteamsust.uav.ro\/index.php?rest_route=\/wp\/v2\/types\/page"}],"author":[{"embeddable":true,"href":"https:\/\/elsteamsust.uav.ro\/index.php?rest_route=\/wp\/v2\/users\/1"}],"replies":[{"embeddable":true,"href":"https:\/\/elsteamsust.uav.ro\/index.php?rest_route=%2Fwp%2Fv2%2Fcomments&post=2"}],"version-history":[{"count":29,"href":"https:\/\/elsteamsust.uav.ro\/index.php?rest_route=\/wp\/v2\/pages\/2\/revisions"}],"predecessor-version":[{"id":413,"href":"https:\/\/elsteamsust.uav.ro\/index.php?rest_route=\/wp\/v2\/pages\/2\/revisions\/413"}],"wp:attachment":[{"href":"https:\/\/elsteamsust.uav.ro\/index.php?rest_route=%2Fwp%2Fv2%2Fmedia&parent=2"}],"curies":[{"name":"wp","href":"https:\/\/api.w.org\/{rel}","templated":true}]}}